{"id":943,"date":"2023-11-08T19:03:58","date_gmt":"2023-11-08T19:03:58","guid":{"rendered":"http:\/\/rtds.aueb.gr\/?page_id=943"},"modified":"2023-11-08T19:03:58","modified_gmt":"2023-11-08T19:03:58","slug":"2022-2","status":"publish","type":"page","link":"http:\/\/rtds.aueb.gr\/index.php\/publications\/by-year\/2022-2\/","title":{"rendered":"2022"},"content":{"rendered":"<div class=\"pt-cv-wrapper\"><div class=\"pt-cv-view pt-cv-collapsible\" id=\"pt-cv-view-af3f0ca8vj\"><div data-id=\"pt-cv-page-1\" class=\"pt-cv-page\" data-cvc=\"1\"><div class=\"panel-group\" id=\"d6765f8ckd\"><div class=\"panel panel-default pt-cv-content-item pt-cv-1-col\" >\r\n<div class=\"panel-heading\">\r\n    <a class=\"panel-title\" data-toggle=\"cvcollapse\" data-parent=\"#d6765f8ckd\" data-target=\"#7c96166nvw\" href='http:\/\/rtds.aueb.gr\/index.php\/2023\/11\/09\/a-framework-for-supporting-privacy-preservation-functions-in-a-mobile-cloud-environment-23rd-ieee-international-conference-on-mobile-data-management-mdm-2022\/' onclick='event.preventDefault()'>\r\n\t\tA Framework for Supporting Privacy Preservation Functions in a Mobile Cloud Environment, 23rd IEEE International Conference on Mobile Data Management MDM, 2022\t<\/a>\r\n\t<\/div>\r\n<div id=\"7c96166nvw\" class=\"panel-collapse collapse \">\r\n\t<div class=\"panel-body\">\r\n\t\t<div class=\"pt-cv-content\">\n<p>Dimitrios Tomaras, Michail Tsenos, Vana Kalogeraki<\/p>\n<\/div>\t<\/div>\r\n<\/div><\/div>\n<div class=\"panel panel-default pt-cv-content-item pt-cv-1-col\" >\r\n<div class=\"panel-heading\">\r\n    <a class=\"panel-title\" data-toggle=\"cvcollapse\" data-parent=\"#d6765f8ckd\" data-target=\"#6c7ce4c4ne\" href='http:\/\/rtds.aueb.gr\/index.php\/2023\/11\/09\/practical-privacy-preservation-in-a-mobile-cloud-environment-23rd-ieee-international-conference-on-mobile-data-management-2022\/' onclick='event.preventDefault()'>\r\n\t\tPractical Privacy Preservation in a Mobile Cloud Environment, 23rd IEEE International Conference on Mobile Data Management MDM, 2022\t<\/a>\r\n\t<\/div>\r\n<div id=\"6c7ce4c4ne\" class=\"panel-collapse collapse \">\r\n\t<div class=\"panel-body\">\r\n\t\t<div class=\"pt-cv-content\">\n<p>Dimitrios Tomaras, Michail Tsenos, Vana Kalogeraki<\/p>\n<\/div>\t<\/div>\r\n<\/div><\/div>\n<div class=\"panel panel-default pt-cv-content-item pt-cv-1-col\" >\r\n<div class=\"panel-heading\">\r\n    <a class=\"panel-title\" data-toggle=\"cvcollapse\" data-parent=\"#d6765f8ckd\" data-target=\"#20a73aeney\" href='http:\/\/rtds.aueb.gr\/index.php\/2023\/11\/09\/amesos-a-scalable-and-elastic-framework-for-latency-sensitive-streaming-pipelines-16th-acm-international-conference-on-distributed-and-event-based-systems-debs-2022\/' onclick='event.preventDefault()'>\r\n\t\tAMESoS: a scalable and elastic framework for latency sensitive streaming pipelines, 16th ACM International Conference on Distributed and Event-based  Systems DEBS, 2022\t<\/a>\r\n\t<\/div>\r\n<div id=\"20a73aeney\" class=\"panel-collapse collapse \">\r\n\t<div class=\"panel-body\">\r\n\t\t<div class=\"pt-cv-content\">\n<p>Michail Tsenos, Aristotelis Peri, Vana Kalogeraki<\/p>\n<\/div>\t<\/div>\r\n<\/div><\/div>\n<div class=\"panel panel-default pt-cv-content-item pt-cv-1-col\" >\r\n<div class=\"panel-heading\">\r\n    <a class=\"panel-title\" data-toggle=\"cvcollapse\" data-parent=\"#d6765f8ckd\" data-target=\"#b9393a6awv\" href='http:\/\/rtds.aueb.gr\/index.php\/2023\/11\/09\/an-elastic-and-scalable-topic-based-pub-sub-system-using-deep-reinforcement-learning-ifip-international-conference-on-distributed-applications-and-interoperable-systems-dais-2022\/' onclick='event.preventDefault()'>\r\n\t\tAn Elastic and Scalable Topic-Based Pub\/Sub System Using Deep Reinforcement Learning, IFIP International Conference on Distributed Applications and Interoperable Systems DAIS, 2022,\t<\/a>\r\n\t<\/div>\r\n<div id=\"b9393a6awv\" class=\"panel-collapse collapse \">\r\n\t<div class=\"panel-body\">\r\n\t\t<div class=\"pt-cv-content\">\n<p>Thanos Giannakopoulos, Vana Kalogeraki<\/p>\n<\/div>\t<\/div>\r\n<\/div><\/div>\n<div class=\"panel panel-default pt-cv-content-item pt-cv-1-col\" >\r\n<div class=\"panel-heading\">\r\n    <a class=\"panel-title\" data-toggle=\"cvcollapse\" data-parent=\"#d6765f8ckd\" data-target=\"#a6a6d62m29\" href='http:\/\/rtds.aueb.gr\/index.php\/2023\/11\/09\/diversity-and-inclusion-activities-in-database-conferences-a-2021-report-sigmod-rec-2022\/' onclick='event.preventDefault()'>\r\n\t\tDiversity and Inclusion Activities in Database Conferences: A 2021 Report, SIGMOD Rec. ,2022\t<\/a>\r\n\t<\/div>\r\n<div id=\"a6a6d62m29\" class=\"panel-collapse collapse \">\r\n\t<div class=\"panel-body\">\r\n\t\t<div class=\"pt-cv-content\">\n<p>Sihem Amer-Yahia, Yael Amsterdamer, Sourav S. Bhowmick, Angela Bonifati, Philippe Bonnet, Renata Borovica-Gajic, Barbara Catania, Tania Cerquitelli, Silvia Chiusano, Panos K. Chrysanthis, Carlo Curino, J\u00e9r\u00f4me Darmont, Amr El Abbadi, Avrilia Floratou, Juliana Freire, Alekh Jindal, Vana Kalogeraki, Georgia Koutrika, Arun Kumar, Sujaya Maiyya, Alexandra Meliou, Madhulika Mohanty, Felix Naumann, Nele Sina Noack, Fatma \u00d6zcan, Liat Peterfreund, Wenny Rahayu, Wang-Chiew Tan, Yuanyuan Tian, Pinar T\u00f6z\u00fcn, Genoveva Vargas-Solar, Neeraja J. Yadwadkar, and Meihui Zhang<\/p>\n<\/div>\t<\/div>\r\n<\/div><\/div>\n<div class=\"panel panel-default pt-cv-content-item pt-cv-1-col\" >\r\n<div class=\"panel-heading\">\r\n    <a class=\"panel-title\" data-toggle=\"cvcollapse\" data-parent=\"#d6765f8ckd\" data-target=\"#5743fa7zcu\" href='http:\/\/rtds.aueb.gr\/index.php\/2023\/11\/08\/low-rank-methods-in-event-detection-with-subsampled-point-to-subspace-proximity-tests-ieee-access-2022\/' onclick='event.preventDefault()'>\r\n\t\tLow-Rank Methods in Event Detection With Subsampled Point-to-Subspace Proximity Tests, IEEE Access, 2022\t<\/a>\r\n\t<\/div>\r\n<div id=\"5743fa7zcu\" class=\"panel-collapse collapse \">\r\n\t<div class=\"panel-body\">\r\n\t\t<div class=\"pt-cv-content\">\n<p>Jakub Marecek, Stathis Maroulis, Vana Kalogeraki, Dimitrios Gunopulos<\/p>\n<\/div>\t<\/div>\r\n<\/div><\/div><\/div><\/div><\/div><\/div>\n","protected":false},"excerpt":{"rendered":"","protected":false},"author":1,"featured_media":0,"parent":348,"menu_order":0,"comment_status":"closed","ping_status":"closed","template":"","meta":[],"_links":{"self":[{"href":"http:\/\/rtds.aueb.gr\/index.php\/wp-json\/wp\/v2\/pages\/943"}],"collection":[{"href":"http:\/\/rtds.aueb.gr\/index.php\/wp-json\/wp\/v2\/pages"}],"about":[{"href":"http:\/\/rtds.aueb.gr\/index.php\/wp-json\/wp\/v2\/types\/page"}],"author":[{"embeddable":true,"href":"http:\/\/rtds.aueb.gr\/index.php\/wp-json\/wp\/v2\/users\/1"}],"replies":[{"embeddable":true,"href":"http:\/\/rtds.aueb.gr\/index.php\/wp-json\/wp\/v2\/comments?post=943"}],"version-history":[{"count":1,"href":"http:\/\/rtds.aueb.gr\/index.php\/wp-json\/wp\/v2\/pages\/943\/revisions"}],"predecessor-version":[{"id":944,"href":"http:\/\/rtds.aueb.gr\/index.php\/wp-json\/wp\/v2\/pages\/943\/revisions\/944"}],"up":[{"embeddable":true,"href":"http:\/\/rtds.aueb.gr\/index.php\/wp-json\/wp\/v2\/pages\/348"}],"wp:attachment":[{"href":"http:\/\/rtds.aueb.gr\/index.php\/wp-json\/wp\/v2\/media?parent=943"}],"curies":[{"name":"wp","href":"https:\/\/api.w.org\/{rel}","templated":true}]}}