{"id":918,"date":"2023-11-08T12:22:11","date_gmt":"2023-11-08T12:22:11","guid":{"rendered":"http:\/\/rtds.aueb.gr\/?page_id=918"},"modified":"2023-11-08T12:22:11","modified_gmt":"2023-11-08T12:22:11","slug":"2023-2","status":"publish","type":"page","link":"http:\/\/rtds.aueb.gr\/index.php\/publications\/by-year\/2023-2\/","title":{"rendered":"2023"},"content":{"rendered":"<div class=\"pt-cv-wrapper\"><div class=\"pt-cv-view pt-cv-collapsible\" id=\"pt-cv-view-7934dc9wfb\"><div data-id=\"pt-cv-page-1\" class=\"pt-cv-page\" data-cvc=\"1\"><div class=\"panel-group\" id=\"c2403e0dqk\"><div class=\"panel panel-default pt-cv-content-item pt-cv-1-col\" >\r\n<div class=\"panel-heading\">\r\n    <a class=\"panel-title\" data-toggle=\"cvcollapse\" data-parent=\"#c2403e0dqk\" data-target=\"#8e5f367mz2\" href='http:\/\/rtds.aueb.gr\/index.php\/2026\/04\/05\/a-holistic-approach-for-modeling-and-predicting-bike-demand-information-systems-111-elsevier-2023\/' onclick='event.preventDefault()'>\r\n\t\tA holistic approach for modeling and predicting bike demand, Information Systems 111, Elsevier, 2023\t<\/a>\r\n\t<\/div>\r\n<div id=\"8e5f367mz2\" class=\"panel-collapse collapse \">\r\n\t<div class=\"panel-body\">\r\n\t\t<div class=\"pt-cv-content\">\n<p>Dimitrios Tomaras, Ioannis Boutsis, Vana Kalogeraki<\/p>\n<\/div>\t<\/div>\r\n<\/div><\/div>\n<div class=\"panel panel-default pt-cv-content-item pt-cv-1-col\" >\r\n<div class=\"panel-heading\">\r\n    <a class=\"panel-title\" data-toggle=\"cvcollapse\" data-parent=\"#c2403e0dqk\" data-target=\"#8a11d76qcu\" href='http:\/\/rtds.aueb.gr\/index.php\/2023\/11\/13\/orchestrating-the-execution-of-serverless-functions-in-hybrid-cloud-4th-ieee-international-conference-on-autonomic-computing-and-self-organizing-systems-acsos-2023\/' onclick='event.preventDefault()'>\r\n\t\tOrchestrating the execution of Serverless Functions in Hybrid Cloud, 4th IEEE International Conference on Autonomic Computing and Self-Organizing Systems ACSOS, 2023\t<\/a>\r\n\t<\/div>\r\n<div id=\"8a11d76qcu\" class=\"panel-collapse collapse \">\r\n\t<div class=\"panel-body\">\r\n\t\t<div class=\"pt-cv-content\">\n<p>Aristotelis Peri , Michail Tsenos , Vana Kalogeraki<\/p>\n<\/div>\t<\/div>\r\n<\/div><\/div>\n<div class=\"panel panel-default pt-cv-content-item pt-cv-1-col\" >\r\n<div class=\"panel-heading\">\r\n    <a class=\"panel-title\" data-toggle=\"cvcollapse\" data-parent=\"#c2403e0dqk\" data-target=\"#41b7d2dxgw\" href='http:\/\/rtds.aueb.gr\/index.php\/2023\/11\/13\/prediction-driven-resource-provisioning-for-serverless-container-runtimes-4th-ieee-international-conference-on-autonomic-computing-and-self-organizing-systems-acsos-2023\/' onclick='event.preventDefault()'>\r\n\t\tPrediction-driven resource provisioning for serverless container runtimes, 4th IEEE International Conference on Autonomic Computing and Self-Organizing Systems ACSOS, 2023\t<\/a>\r\n\t<\/div>\r\n<div id=\"41b7d2dxgw\" class=\"panel-collapse collapse \">\r\n\t<div class=\"panel-body\">\r\n\t\t<div class=\"pt-cv-content\">\n<p>Dimitrios Tomaras , Michail Tsenos , Vana Kalogeraki<\/p>\n<\/div>\t<\/div>\r\n<\/div><\/div>\n<div class=\"panel panel-default pt-cv-content-item pt-cv-1-col\" >\r\n<div class=\"panel-heading\">\r\n    <a class=\"panel-title\" data-toggle=\"cvcollapse\" data-parent=\"#c2403e0dqk\" data-target=\"#34b3abfg9d\" href='http:\/\/rtds.aueb.gr\/index.php\/2023\/11\/13\/energy-efficient-scheduling-for-serverless-systems-4th-ieee-international-conference-on-autonomic-computing-and-self-organizing-systems-acsos-2023\/' onclick='event.preventDefault()'>\r\n\t\tEnergy Efficient Scheduling for Serverless Systems, 4th IEEE International Conference on Autonomic Computing and Self-Organizing Systems ACSOS, 2023\t<\/a>\r\n\t<\/div>\r\n<div id=\"34b3abfg9d\" class=\"panel-collapse collapse \">\r\n\t<div class=\"panel-body\">\r\n\t\t<div class=\"pt-cv-content\">\n<p>Michail Tsenos , Aristotelis Peri , Vana Kalogeraki<\/p>\n<\/div>\t<\/div>\r\n<\/div><\/div>\n<div class=\"panel panel-default pt-cv-content-item pt-cv-1-col\" >\r\n<div class=\"panel-heading\">\r\n    <a class=\"panel-title\" data-toggle=\"cvcollapse\" data-parent=\"#c2403e0dqk\" data-target=\"#59e1be2joi\" href='http:\/\/rtds.aueb.gr\/index.php\/2023\/11\/08\/diversity-equity-and-inclusion-activities-in-database-conferences-a-2022-report\/' onclick='event.preventDefault()'>\r\n\t\tDiversity, Equity and Inclusion Activities in Database Conferences: A 2022 Report, SIGMOD Rec., 2023\t<\/a>\r\n\t<\/div>\r\n<div id=\"59e1be2joi\" class=\"panel-collapse collapse \">\r\n\t<div class=\"panel-body\">\r\n\t\t<div class=\"pt-cv-content\">\n<p>Sihem Amer-Yahia, Divyakant Agrawal, Yael Amsterdamer, Sourav S. Bhowmick, Angela Bonifati, Renata Borovica-Gajic, Jes\u00fas Camacho-Rodr\u00edguez, Barbara Catania, Panos K. Chrysanthis, Carlo Curino, J\u00e9r\u00f4me Darmont, Gillian Dobbie, Amr El Abbadi, Avrilia Floratou, Juliana Freire, Alekh Jindal, Vana Kalogeraki, Sujaya Maiyya, Alexandra Meliou, Madhulika Mohanty, Behrooz Omidvar-Tehrani, Fatma \u00d6zcan, Liat Peterfreund, Wenny Rahayu, Shazia Sadiq, Sana Sellami, Utku Sirin, Wang-Chiew Tan, Bhavani Thuraisingham, Yuanyuan Tian, Pinar T\u00f6z\u00fcn, Genoveva Vargas-Solar, Neeraja J. Yadwadkar, Victor Zakhary, and Meihui Zhang<\/p>\n<\/div>\t<\/div>\r\n<\/div><\/div>\n<div class=\"panel panel-default pt-cv-content-item pt-cv-1-col\" >\r\n<div class=\"panel-heading\">\r\n    <a class=\"panel-title\" data-toggle=\"cvcollapse\" data-parent=\"#c2403e0dqk\" data-target=\"#b0011823vu\" href='http:\/\/rtds.aueb.gr\/index.php\/2023\/11\/08\/a-holistic-approach-for-modeling-and-predicting-bike-demand-elsevier-inf-syst-2023\/' onclick='event.preventDefault()'>\r\n\t\tA holistic approach for modeling and predicting bike demand, Elsevier, Inf. Syst., 2023\t<\/a>\r\n\t<\/div>\r\n<div id=\"b0011823vu\" class=\"panel-collapse collapse \">\r\n\t<div class=\"panel-body\">\r\n\t\t<div class=\"pt-cv-content\">\n<p>Dimitrios Tomaras, Ioannis Boutsis, Vana Kalogeraki<\/p>\n\n\n\n<p><\/p>\n<\/div>\t<\/div>\r\n<\/div><\/div><\/div><\/div><\/div><\/div>\n","protected":false},"excerpt":{"rendered":"","protected":false},"author":1,"featured_media":0,"parent":348,"menu_order":0,"comment_status":"closed","ping_status":"closed","template":"","meta":[],"_links":{"self":[{"href":"http:\/\/rtds.aueb.gr\/index.php\/wp-json\/wp\/v2\/pages\/918"}],"collection":[{"href":"http:\/\/rtds.aueb.gr\/index.php\/wp-json\/wp\/v2\/pages"}],"about":[{"href":"http:\/\/rtds.aueb.gr\/index.php\/wp-json\/wp\/v2\/types\/page"}],"author":[{"embeddable":true,"href":"http:\/\/rtds.aueb.gr\/index.php\/wp-json\/wp\/v2\/users\/1"}],"replies":[{"embeddable":true,"href":"http:\/\/rtds.aueb.gr\/index.php\/wp-json\/wp\/v2\/comments?post=918"}],"version-history":[{"count":1,"href":"http:\/\/rtds.aueb.gr\/index.php\/wp-json\/wp\/v2\/pages\/918\/revisions"}],"predecessor-version":[{"id":919,"href":"http:\/\/rtds.aueb.gr\/index.php\/wp-json\/wp\/v2\/pages\/918\/revisions\/919"}],"up":[{"embeddable":true,"href":"http:\/\/rtds.aueb.gr\/index.php\/wp-json\/wp\/v2\/pages\/348"}],"wp:attachment":[{"href":"http:\/\/rtds.aueb.gr\/index.php\/wp-json\/wp\/v2\/media?parent=918"}],"curies":[{"name":"wp","href":"https:\/\/api.w.org\/{rel}","templated":true}]}}